{"id":512,"date":"2021-04-07T09:05:54","date_gmt":"2021-04-07T09:05:54","guid":{"rendered":"http:\/\/cesing.biz\/?page_id=512"},"modified":"2021-06-15T16:38:11","modified_gmt":"2021-06-15T16:38:11","slug":"uber-uns","status":"publish","type":"page","link":"https:\/\/cesing.biz\/index.php\/uber-uns\/","title":{"rendered":"\u00dcBER UNS"},"content":{"rendered":"<p>[et_pb_section fb_built=&#8221;1&#8243; fullwidth=&#8221;on&#8221; _builder_version=&#8221;4.9.4&#8243; _module_preset=&#8221;default&#8221;][et_pb_fullwidth_image src=&#8221;https:\/\/cesing.biz\/wp-content\/uploads\/2021\/06\/office_building.jpg&#8221; title_text=&#8221;office_building&#8221; _builder_version=&#8221;4.9.4&#8243; _module_preset=&#8221;default&#8221;][\/et_pb_fullwidth_image][\/et_pb_section][et_pb_section fb_built=&#8221;1&#8243; custom_padding_last_edited=&#8221;on|desktop&#8221; _builder_version=&#8221;4.9.4&#8243; _module_preset=&#8221;default&#8221; custom_margin=&#8221;|||0px|false|false&#8221; custom_margin_tablet=&#8221;|||0%|false|false&#8221; custom_margin_phone=&#8221;&#8221; custom_margin_last_edited=&#8221;on|phone&#8221; custom_padding=&#8221;0px|38%|||false|false&#8221; custom_padding_tablet=&#8221;|22%|||false|false&#8221; custom_padding_phone=&#8221;|28%||5%|false|false&#8221; hover_enabled=&#8221;0&#8243; sticky_enabled=&#8221;0&#8243;][et_pb_row use_custom_gutter=&#8221;on&#8221; custom_padding_last_edited=&#8221;on|tablet&#8221; _builder_version=&#8221;4.9.4&#8243; _module_preset=&#8221;default&#8221; background_color=&#8221;#0C71C3&#8243; width_tablet=&#8221;&#8221; width_phone=&#8221;100%&#8221; width_last_edited=&#8221;on|phone&#8221; min_height_tablet=&#8221;70px&#8221; min_height_phone=&#8221;&#8221; min_height_last_edited=&#8221;on|tablet&#8221; height_tablet=&#8221;70px&#8221; height_phone=&#8221;57px&#8221; height_last_edited=&#8221;on|phone&#8221; custom_margin=&#8221;||||false|false&#8221; custom_padding=&#8221;3%||||false|false&#8221; custom_padding_tablet=&#8221;&#8221; custom_padding_phone=&#8221;&#8221; hover_enabled=&#8221;0&#8243; sticky_enabled=&#8221;0&#8243; height=&#8221;105px&#8221; custom_margin_last_edited=&#8221;on|phone&#8221;][et_pb_column type=&#8221;4_4&#8243; _builder_version=&#8221;4.9.4&#8243; _module_preset=&#8221;default&#8221;][dnxte_multi_heading text_one=&#8221;Unternehmen &#8211; \u00dcber Uns&#8221; _builder_version=&#8221;4.9.4&#8243; _module_preset=&#8221;default&#8221; text_one_font=&#8221;Poppins|300|||||||&#8221; text_one_text_color=&#8221;#FFFFFF&#8221; text_one_font_size=&#8221;37px&#8221; background_color=&#8221;#0C71C3&#8243; custom_padding=&#8221;|||3%|false|false&#8221; hover_enabled=&#8221;0&#8243; text_one_font_size_tablet=&#8221;28px&#8221; text_one_font_size_phone=&#8221;18px&#8221; text_one_font_size_last_edited=&#8221;on|tablet&#8221; sticky_enabled=&#8221;0&#8243;][\/dnxte_multi_heading][\/et_pb_column][\/et_pb_row][\/et_pb_section][et_pb_section fb_built=&#8221;1&#8243; _builder_version=&#8221;4.9.4&#8243; _module_preset=&#8221;default&#8221; custom_padding=&#8221;0px||||false|false&#8221;][et_pb_row _builder_version=&#8221;4.9.4&#8243; _module_preset=&#8221;default&#8221;][et_pb_column type=&#8221;4_4&#8243; _builder_version=&#8221;4.9.4&#8243; _module_preset=&#8221;default&#8221;][et_pb_text _builder_version=&#8221;4.9.4&#8243; _module_preset=&#8221;default&#8221; text_font=&#8221;Poppins||||||||&#8221; text_font_size=&#8221;16px&#8221; text_line_height=&#8221;1.9em&#8221; animation_style=&#8221;fade&#8221;]<\/p>\n<p>CESING ist ein Unternehmen, das alle Bereiche des Elektro- und IT-Engineering umfasst. Unsere Kompetenzen beinhalten die Planung, Ausf\u00fchrung, Montage, Wartung und Instandhaltung. Wenn es von unseren Kunden gew\u00fcnscht wird, begleiten wir den gesamten Lebenszyklus einer Investition. Unsere Erfahrung umfasst die Bereiche Wohnh\u00e4user, Stra\u00dfen-Infrastruktur, Einkaufszentren, Industrieanlagen, Elektro- und Telekommunikationsnetze bis zu Photovoltaikanlagen.<\/p>\n<p>[\/et_pb_text][\/et_pb_column][\/et_pb_row][\/et_pb_section]<\/p>\n","protected":false},"excerpt":{"rendered":"<p>[et_pb_section fb_built=&#8221;1&#8243; fullwidth=&#8221;on&#8221; _builder_version=&#8221;4.9.4&#8243; _module_preset=&#8221;default&#8221;][et_pb_fullwidth_image src=&#8221;https:\/\/cesing.biz\/wp-content\/uploads\/2021\/06\/office_building.jpg&#8221; title_text=&#8221;office_building&#8221; _builder_version=&#8221;4.9.4&#8243; _module_preset=&#8221;default&#8221;][\/et_pb_fullwidth_image][\/et_pb_section][et_pb_section fb_built=&#8221;1&#8243; custom_padding_last_edited=&#8221;on|desktop&#8221; _builder_version=&#8221;4.9.4&#8243; _module_preset=&#8221;default&#8221; custom_margin=&#8221;|||0px|false|false&#8221; custom_margin_tablet=&#8221;|||0%|false|false&#8221; custom_margin_phone=&#8221;&#8221; custom_margin_last_edited=&#8221;on|phone&#8221; custom_padding=&#8221;0px|38%|||false|false&#8221; custom_padding_tablet=&#8221;|22%|||false|false&#8221; custom_padding_phone=&#8221;|28%||5%|false|false&#8221; hover_enabled=&#8221;0&#8243; sticky_enabled=&#8221;0&#8243;][et_pb_row use_custom_gutter=&#8221;on&#8221; custom_padding_last_edited=&#8221;on|tablet&#8221; _builder_version=&#8221;4.9.4&#8243; _module_preset=&#8221;default&#8221; background_color=&#8221;#0C71C3&#8243; width_tablet=&#8221;&#8221; width_phone=&#8221;100%&#8221; width_last_edited=&#8221;on|phone&#8221; min_height_tablet=&#8221;70px&#8221; min_height_phone=&#8221;&#8221; min_height_last_edited=&#8221;on|tablet&#8221; height_tablet=&#8221;70px&#8221; height_phone=&#8221;57px&#8221; height_last_edited=&#8221;on|phone&#8221; custom_margin=&#8221;||||false|false&#8221; custom_padding=&#8221;3%||||false|false&#8221; custom_padding_tablet=&#8221;&#8221; custom_padding_phone=&#8221;&#8221; hover_enabled=&#8221;0&#8243; sticky_enabled=&#8221;0&#8243; height=&#8221;105px&#8221; custom_margin_last_edited=&#8221;on|phone&#8221;][et_pb_column type=&#8221;4_4&#8243; _builder_version=&#8221;4.9.4&#8243; _module_preset=&#8221;default&#8221;][dnxte_multi_heading text_one=&#8221;Unternehmen &#8211; \u00dcber Uns&#8221; _builder_version=&#8221;4.9.4&#8243; _module_preset=&#8221;default&#8221; text_one_font=&#8221;Poppins|300|||||||&#8221; text_one_text_color=&#8221;#FFFFFF&#8221; [&hellip;]<\/p>\n","protected":false},"author":1,"featured_media":0,"parent":0,"menu_order":0,"comment_status":"closed","ping_status":"closed","template":"","meta":{"_et_pb_use_builder":"on","_et_pb_old_content":"","_et_gb_content_width":""},"_links":{"self":[{"href":"https:\/\/cesing.biz\/index.php\/wp-json\/wp\/v2\/pages\/512"}],"collection":[{"href":"https:\/\/cesing.biz\/index.php\/wp-json\/wp\/v2\/pages"}],"about":[{"href":"https:\/\/cesing.biz\/index.php\/wp-json\/wp\/v2\/types\/page"}],"author":[{"embeddable":true,"href":"https:\/\/cesing.biz\/index.php\/wp-json\/wp\/v2\/users\/1"}],"replies":[{"embeddable":true,"href":"https:\/\/cesing.biz\/index.php\/wp-json\/wp\/v2\/comments?post=512"}],"version-history":[{"count":12,"href":"https:\/\/cesing.biz\/index.php\/wp-json\/wp\/v2\/pages\/512\/revisions"}],"predecessor-version":[{"id":223329,"href":"https:\/\/cesing.biz\/index.php\/wp-json\/wp\/v2\/pages\/512\/revisions\/223329"}],"wp:attachment":[{"href":"https:\/\/cesing.biz\/index.php\/wp-json\/wp\/v2\/media?parent=512"}],"curies":[{"name":"wp","href":"https:\/\/api.w.org\/{rel}","templated":true}]}}